{"id":950,"date":"2024-09-11T17:47:48","date_gmt":"2024-09-11T17:47:48","guid":{"rendered":"https:\/\/rubest.com.co\/?post_type=product&#038;p=950"},"modified":"2024-09-17T16:19:14","modified_gmt":"2024-09-17T16:19:14","slug":"puff-eco-soft-versatilidad-y-sostenibilidad-en-un-solo-mueble","status":"publish","type":"product","link":"https:\/\/rubest.com.co\/en\/product\/puff-eco-soft-versatilidad-y-sostenibilidad-en-un-solo-mueble\/","title":{"rendered":"Puff ECO-SOFT: Donde el Estilo se Encuentra con la Comodidad"},"content":{"rendered":"<h3><strong>Caracter\u00edsticas Principales del Puff ECO-SOFT:<\/strong><\/h3>\n<ul>\n<li><strong>Dise\u00f1o Vers\u00e1til:<\/strong> Perfecto como asiento adicional o reposapi\u00e9s.<\/li>\n<li><strong>F\u00e1cil Mantenimiento:<\/strong> Superficie f\u00e1cil de limpiar y mantener.<\/li>\n<li><strong>Materiales Ecol\u00f3gicos:<\/strong> Hecho con caucho recuperado y madera sostenible.<\/li>\n<\/ul>\n<p>&nbsp;<\/p>","protected":false},"excerpt":{"rendered":"<p>En <strong>RUBEST<\/strong>, estamos emocionados de presentar el <strong>Puff ECO-SOFT<\/strong>, una pieza excepcional dentro de nuestra l\u00ednea de mobiliario ecol\u00f3gico. Este vers\u00e1til mueble est\u00e1 dise\u00f1ado para combinar funcionalidad, estilo y responsabilidad ambiental, ofreciendo una soluci\u00f3n vers\u00e1til seg\u00fan la necesidad del usuario.<\/p>\n<p>&nbsp;<\/p>\n<p><a class=\"fab fa-whatsapp\" href=\"https:\/\/wa.me\/3166980345\/?text=M\u00e1s%20informaci\u00f3n\" target=\"_blank\" rel=\"noopener\">Cotizar Ahora<\/a><\/p>","protected":false},"featured_media":936,"comment_status":"open","ping_status":"closed","template":"","meta":{"zakra_page_container_layout":"customizer","zakra_page_sidebar_layout":"customizer","zakra_remove_content_margin":false,"zakra_sidebar":"customizer","zakra_transparent_header":"customizer","zakra_logo":0,"zakra_main_header_style":"default","zakra_menu_item_color":"","zakra_menu_item_hover_color":"","zakra_menu_item_active_color":"","zakra_menu_active_style":"","zakra_page_header":true,"_joinchat":[]},"product_brand":[],"product_cat":[25],"product_tag":[],"class_list":{"0":"post-950","1":"product","2":"type-product","3":"status-publish","4":"has-post-thumbnail","6":"product_cat-mobiliario","8":"first","9":"instock","10":"shipping-taxable","11":"product-type-simple"},"yoast_head":"<!-- This site is optimized with the Yoast SEO Premium plugin v20.7 (Yoast SEO v26.8) - https:\/\/yoast.com\/product\/yoast-seo-premium-wordpress\/ -->\n<title>Puff ECO-SOFT: Donde el Estilo se Encuentra con la Comodidad - Rubest<\/title>\n<meta name=\"description\" content=\"Con su dise\u00f1o compacto, el caucho recuperado y la madera de alta calidad el Puff ECO-SOFT aseguran lo mejor para tus espacios.\" \/>\n<meta name=\"robots\" content=\"index, follow, max-snippet:-1, max-image-preview:large, max-video-preview:-1\" \/>\n<link rel=\"canonical\" href=\"https:\/\/rubest.com.co\/en\/product\/puff-eco-soft-versatilidad-y-sostenibilidad-en-un-solo-mueble\/\" \/>\n<meta property=\"og:locale\" content=\"en_US\" \/>\n<meta property=\"og:type\" content=\"article\" \/>\n<meta property=\"og:title\" content=\"Puff ECO-SOFT: Donde el Estilo se Encuentra con la Comodidad\" \/>\n<meta property=\"og:description\" content=\"Con su dise\u00f1o compacto, el caucho recuperado y la madera de alta calidad el Puff ECO-SOFT aseguran lo mejor para tus espacios.\" \/>\n<meta property=\"og:url\" content=\"https:\/\/rubest.com.co\/en\/product\/puff-eco-soft-versatilidad-y-sostenibilidad-en-un-solo-mueble\/\" \/>\n<meta property=\"og:site_name\" content=\"Rubest\" \/>\n<meta property=\"article:modified_time\" content=\"2024-09-17T16:19:14+00:00\" \/>\n<meta property=\"og:image\" content=\"https:\/\/rubest.com.co\/wp-content\/uploads\/2024\/09\/Imagen-de-WhatsApp-2024-06-15-a-las-09.13.20_a16f75a7-Photoroom-e1726077226536.png\" \/>\n\t<meta property=\"og:image:width\" content=\"633\" \/>\n\t<meta property=\"og:image:height\" content=\"608\" \/>\n\t<meta property=\"og:image:type\" content=\"image\/png\" \/>\n<meta name=\"twitter:card\" content=\"summary_large_image\" \/>\n<meta name=\"twitter:label1\" content=\"Est. reading time\" \/>\n\t<meta name=\"twitter:data1\" content=\"1 minute\" \/>\n<script type=\"application\/ld+json\" class=\"yoast-schema-graph\">{\"@context\":\"https:\/\/schema.org\",\"@graph\":[{\"@type\":\"WebPage\",\"@id\":\"https:\/\/rubest.com.co\/producto\/puff-eco-soft-versatilidad-y-sostenibilidad-en-un-solo-mueble\/\",\"url\":\"https:\/\/rubest.com.co\/producto\/puff-eco-soft-versatilidad-y-sostenibilidad-en-un-solo-mueble\/\",\"name\":\"Puff ECO-SOFT: Donde el Estilo se Encuentra con la Comodidad - Rubest\",\"isPartOf\":{\"@id\":\"https:\/\/rubest.com.co\/#website\"},\"primaryImageOfPage\":{\"@id\":\"https:\/\/rubest.com.co\/producto\/puff-eco-soft-versatilidad-y-sostenibilidad-en-un-solo-mueble\/#primaryimage\"},\"image\":{\"@id\":\"https:\/\/rubest.com.co\/producto\/puff-eco-soft-versatilidad-y-sostenibilidad-en-un-solo-mueble\/#primaryimage\"},\"thumbnailUrl\":\"https:\/\/rubest.com.co\/wp-content\/uploads\/2024\/09\/Imagen-de-WhatsApp-2024-06-15-a-las-09.13.20_a16f75a7-Photoroom-e1726077226536.png\",\"datePublished\":\"2024-09-11T17:47:48+00:00\",\"dateModified\":\"2024-09-17T16:19:14+00:00\",\"description\":\"Con su dise\u00f1o compacto, el caucho recuperado y la madera de alta calidad el Puff ECO-SOFT aseguran lo mejor para tus espacios.\",\"breadcrumb\":{\"@id\":\"https:\/\/rubest.com.co\/producto\/puff-eco-soft-versatilidad-y-sostenibilidad-en-un-solo-mueble\/#breadcrumb\"},\"inLanguage\":\"en-US\",\"potentialAction\":[{\"@type\":\"ReadAction\",\"target\":[\"https:\/\/rubest.com.co\/producto\/puff-eco-soft-versatilidad-y-sostenibilidad-en-un-solo-mueble\/\"]}]},{\"@type\":\"ImageObject\",\"inLanguage\":\"en-US\",\"@id\":\"https:\/\/rubest.com.co\/producto\/puff-eco-soft-versatilidad-y-sostenibilidad-en-un-solo-mueble\/#primaryimage\",\"url\":\"https:\/\/rubest.com.co\/wp-content\/uploads\/2024\/09\/Imagen-de-WhatsApp-2024-06-15-a-las-09.13.20_a16f75a7-Photoroom-e1726077226536.png\",\"contentUrl\":\"https:\/\/rubest.com.co\/wp-content\/uploads\/2024\/09\/Imagen-de-WhatsApp-2024-06-15-a-las-09.13.20_a16f75a7-Photoroom-e1726077226536.png\",\"width\":633,\"height\":608},{\"@type\":\"BreadcrumbList\",\"@id\":\"https:\/\/rubest.com.co\/producto\/puff-eco-soft-versatilidad-y-sostenibilidad-en-un-solo-mueble\/#breadcrumb\",\"itemListElement\":[{\"@type\":\"ListItem\",\"position\":1,\"name\":\"Portada\",\"item\":\"https:\/\/rubest.com.co\/\"},{\"@type\":\"ListItem\",\"position\":2,\"name\":\"Tienda\",\"item\":\"https:\/\/rubest.com.co\/tienda\/\"},{\"@type\":\"ListItem\",\"position\":3,\"name\":\"Puff ECO-SOFT: Donde el Estilo se Encuentra con la Comodidad\"}]},{\"@type\":\"WebSite\",\"@id\":\"https:\/\/rubest.com.co\/#website\",\"url\":\"https:\/\/rubest.com.co\/\",\"name\":\"Rubest\",\"description\":\"Pisos y superficies en caucho reciclado\",\"publisher\":{\"@id\":\"https:\/\/rubest.com.co\/#organization\"},\"potentialAction\":[{\"@type\":\"SearchAction\",\"target\":{\"@type\":\"EntryPoint\",\"urlTemplate\":\"https:\/\/rubest.com.co\/?s={search_term_string}\"},\"query-input\":{\"@type\":\"PropertyValueSpecification\",\"valueRequired\":true,\"valueName\":\"search_term_string\"}}],\"inLanguage\":\"en-US\"},{\"@type\":\"Organization\",\"@id\":\"https:\/\/rubest.com.co\/#organization\",\"name\":\"Rubest\",\"url\":\"https:\/\/rubest.com.co\/\",\"logo\":{\"@type\":\"ImageObject\",\"inLanguage\":\"en-US\",\"@id\":\"https:\/\/rubest.com.co\/#\/schema\/logo\/image\/\",\"url\":\"https:\/\/rubest.com.co\/wp-content\/uploads\/2020\/01\/0-logo-min.png\",\"contentUrl\":\"https:\/\/rubest.com.co\/wp-content\/uploads\/2020\/01\/0-logo-min.png\",\"width\":299,\"height\":100,\"caption\":\"Rubest\"},\"image\":{\"@id\":\"https:\/\/rubest.com.co\/#\/schema\/logo\/image\/\"}}]}<\/script>\n<!-- \/ Yoast SEO Premium plugin. -->","yoast_head_json":{"title":"Puff ECO-SOFT: Donde el Estilo se Encuentra con la Comodidad - Rubest","description":"Con su dise\u00f1o compacto, el caucho recuperado y la madera de alta calidad el Puff ECO-SOFT aseguran lo mejor para tus espacios.","robots":{"index":"index","follow":"follow","max-snippet":"max-snippet:-1","max-image-preview":"max-image-preview:large","max-video-preview":"max-video-preview:-1"},"canonical":"https:\/\/rubest.com.co\/en\/product\/puff-eco-soft-versatilidad-y-sostenibilidad-en-un-solo-mueble\/","og_locale":"en_US","og_type":"article","og_title":"Puff ECO-SOFT: Donde el Estilo se Encuentra con la Comodidad","og_description":"Con su dise\u00f1o compacto, el caucho recuperado y la madera de alta calidad el Puff ECO-SOFT aseguran lo mejor para tus espacios.","og_url":"https:\/\/rubest.com.co\/en\/product\/puff-eco-soft-versatilidad-y-sostenibilidad-en-un-solo-mueble\/","og_site_name":"Rubest","article_modified_time":"2024-09-17T16:19:14+00:00","og_image":[{"width":633,"height":608,"url":"https:\/\/rubest.com.co\/wp-content\/uploads\/2024\/09\/Imagen-de-WhatsApp-2024-06-15-a-las-09.13.20_a16f75a7-Photoroom-e1726077226536.png","type":"image\/png"}],"twitter_card":"summary_large_image","twitter_misc":{"Est. reading time":"1 minute"},"schema":{"@context":"https:\/\/schema.org","@graph":[{"@type":"WebPage","@id":"https:\/\/rubest.com.co\/producto\/puff-eco-soft-versatilidad-y-sostenibilidad-en-un-solo-mueble\/","url":"https:\/\/rubest.com.co\/producto\/puff-eco-soft-versatilidad-y-sostenibilidad-en-un-solo-mueble\/","name":"Puff ECO-SOFT: Donde el Estilo se Encuentra con la Comodidad - Rubest","isPartOf":{"@id":"https:\/\/rubest.com.co\/#website"},"primaryImageOfPage":{"@id":"https:\/\/rubest.com.co\/producto\/puff-eco-soft-versatilidad-y-sostenibilidad-en-un-solo-mueble\/#primaryimage"},"image":{"@id":"https:\/\/rubest.com.co\/producto\/puff-eco-soft-versatilidad-y-sostenibilidad-en-un-solo-mueble\/#primaryimage"},"thumbnailUrl":"https:\/\/rubest.com.co\/wp-content\/uploads\/2024\/09\/Imagen-de-WhatsApp-2024-06-15-a-las-09.13.20_a16f75a7-Photoroom-e1726077226536.png","datePublished":"2024-09-11T17:47:48+00:00","dateModified":"2024-09-17T16:19:14+00:00","description":"Con su dise\u00f1o compacto, el caucho recuperado y la madera de alta calidad el Puff ECO-SOFT aseguran lo mejor para tus espacios.","breadcrumb":{"@id":"https:\/\/rubest.com.co\/producto\/puff-eco-soft-versatilidad-y-sostenibilidad-en-un-solo-mueble\/#breadcrumb"},"inLanguage":"en-US","potentialAction":[{"@type":"ReadAction","target":["https:\/\/rubest.com.co\/producto\/puff-eco-soft-versatilidad-y-sostenibilidad-en-un-solo-mueble\/"]}]},{"@type":"ImageObject","inLanguage":"en-US","@id":"https:\/\/rubest.com.co\/producto\/puff-eco-soft-versatilidad-y-sostenibilidad-en-un-solo-mueble\/#primaryimage","url":"https:\/\/rubest.com.co\/wp-content\/uploads\/2024\/09\/Imagen-de-WhatsApp-2024-06-15-a-las-09.13.20_a16f75a7-Photoroom-e1726077226536.png","contentUrl":"https:\/\/rubest.com.co\/wp-content\/uploads\/2024\/09\/Imagen-de-WhatsApp-2024-06-15-a-las-09.13.20_a16f75a7-Photoroom-e1726077226536.png","width":633,"height":608},{"@type":"BreadcrumbList","@id":"https:\/\/rubest.com.co\/producto\/puff-eco-soft-versatilidad-y-sostenibilidad-en-un-solo-mueble\/#breadcrumb","itemListElement":[{"@type":"ListItem","position":1,"name":"Portada","item":"https:\/\/rubest.com.co\/"},{"@type":"ListItem","position":2,"name":"Tienda","item":"https:\/\/rubest.com.co\/tienda\/"},{"@type":"ListItem","position":3,"name":"Puff ECO-SOFT: Donde el Estilo se Encuentra con la Comodidad"}]},{"@type":"WebSite","@id":"https:\/\/rubest.com.co\/#website","url":"https:\/\/rubest.com.co\/","name":"Rubest","description":"Pisos y superficies en caucho reciclado","publisher":{"@id":"https:\/\/rubest.com.co\/#organization"},"potentialAction":[{"@type":"SearchAction","target":{"@type":"EntryPoint","urlTemplate":"https:\/\/rubest.com.co\/?s={search_term_string}"},"query-input":{"@type":"PropertyValueSpecification","valueRequired":true,"valueName":"search_term_string"}}],"inLanguage":"en-US"},{"@type":"Organization","@id":"https:\/\/rubest.com.co\/#organization","name":"Rubest","url":"https:\/\/rubest.com.co\/","logo":{"@type":"ImageObject","inLanguage":"en-US","@id":"https:\/\/rubest.com.co\/#\/schema\/logo\/image\/","url":"https:\/\/rubest.com.co\/wp-content\/uploads\/2020\/01\/0-logo-min.png","contentUrl":"https:\/\/rubest.com.co\/wp-content\/uploads\/2020\/01\/0-logo-min.png","width":299,"height":100,"caption":"Rubest"},"image":{"@id":"https:\/\/rubest.com.co\/#\/schema\/logo\/image\/"}}]}},"_links":{"self":[{"href":"https:\/\/rubest.com.co\/en\/wp-json\/wp\/v2\/product\/950","targetHints":{"allow":["GET"]}}],"collection":[{"href":"https:\/\/rubest.com.co\/en\/wp-json\/wp\/v2\/product"}],"about":[{"href":"https:\/\/rubest.com.co\/en\/wp-json\/wp\/v2\/types\/product"}],"replies":[{"embeddable":true,"href":"https:\/\/rubest.com.co\/en\/wp-json\/wp\/v2\/comments?post=950"}],"wp:featuredmedia":[{"embeddable":true,"href":"https:\/\/rubest.com.co\/en\/wp-json\/wp\/v2\/media\/936"}],"wp:attachment":[{"href":"https:\/\/rubest.com.co\/en\/wp-json\/wp\/v2\/media?parent=950"}],"wp:term":[{"taxonomy":"product_brand","embeddable":true,"href":"https:\/\/rubest.com.co\/en\/wp-json\/wp\/v2\/product_brand?post=950"},{"taxonomy":"product_cat","embeddable":true,"href":"https:\/\/rubest.com.co\/en\/wp-json\/wp\/v2\/product_cat?post=950"},{"taxonomy":"product_tag","embeddable":true,"href":"https:\/\/rubest.com.co\/en\/wp-json\/wp\/v2\/product_tag?post=950"}],"curies":[{"name":"wp","href":"https:\/\/api.w.org\/{rel}","templated":true}]}}