{"id":948,"date":"2024-09-11T17:06:10","date_gmt":"2024-09-11T17:06:10","guid":{"rendered":"https:\/\/rubest.com.co\/?post_type=product&#038;p=948"},"modified":"2024-10-10T03:33:00","modified_gmt":"2024-10-10T03:33:00","slug":"silla-doble-eco-soft","status":"publish","type":"product","link":"https:\/\/rubest.com.co\/en\/product\/silla-doble-eco-soft\/","title":{"rendered":"Silla Doble ECO-SOFT: Confort Doble con Impacto Ambiental M\u00ednimo"},"content":{"rendered":"<h3><strong>Caracter\u00edsticas Destacadas de la Silla Doble ECO-SOFT:<\/strong><\/h3>\n<ul>\n<li><strong>Confort Compartido:<\/strong> Dise\u00f1o ergon\u00f3mico para dos personas.<\/li>\n<li><strong>Mantenimiento F\u00e1cil:<\/strong> Superficie que se limpia con facilidad y requiere poco mantenimiento.<\/li>\n<li><strong>Materiales Ecol\u00f3gicos:<\/strong> Fabricada con caucho recuperado y madera sostenible.<\/li>\n<\/ul>\n<p>&nbsp;<\/p>","protected":false},"excerpt":{"rendered":"<p>Descubre la <strong>Silla Doble ECO-SOFT<\/strong> de <strong>RUBEST<\/strong>, una pieza dise\u00f1ada para ofrecer un confort inigualable y un estilo sofisticado en tus espacios. Fabricada con caucho recuperado y madera de alta calidad, esta silla doble no solo te proporciona un lugar c\u00f3modo para relajarte, sino que tambi\u00e9n te permite hacer una elecci\u00f3n responsable con el medio ambiente.<\/p>\n<p>&nbsp;<\/p>\n<p><a class=\"fab fa-whatsapp\" href=\"https:\/\/wa.me\/3166980345\/?text=M\u00e1s%20informaci\u00f3n\" target=\"_blank\" rel=\"noopener\">Cotizar Ahora<\/a><\/p>","protected":false},"featured_media":949,"comment_status":"open","ping_status":"closed","template":"","meta":{"zakra_page_container_layout":"customizer","zakra_page_sidebar_layout":"customizer","zakra_remove_content_margin":false,"zakra_sidebar":"customizer","zakra_transparent_header":"customizer","zakra_logo":0,"zakra_main_header_style":"default","zakra_menu_item_color":"","zakra_menu_item_hover_color":"","zakra_menu_item_active_color":"","zakra_menu_active_style":"","zakra_page_header":true,"_joinchat":[]},"product_brand":[],"product_cat":[25],"product_tag":[],"class_list":{"0":"post-948","1":"product","2":"type-product","3":"status-publish","4":"has-post-thumbnail","6":"product_cat-mobiliario","8":"first","9":"instock","10":"shipping-taxable","11":"product-type-simple"},"yoast_head":"<!-- This site is optimized with the Yoast SEO Premium plugin v20.7 (Yoast SEO v27.6) - https:\/\/yoast.com\/product\/yoast-seo-premium-wordpress\/ -->\n<title>Silla Doble ECO-SOFT: Confort Doble con Impacto Ambiental M\u00ednimo - Rubest<\/title>\n<meta name=\"description\" content=\"Silla en caucho de la refencia Softline, dise\u00f1\u00e1das para brindar maximo confort y durabilidad, conoce toda la linea exclusiva de mobiliario RUBEST\" \/>\n<meta name=\"robots\" content=\"index, follow, max-snippet:-1, max-image-preview:large, max-video-preview:-1\" \/>\n<link rel=\"canonical\" href=\"https:\/\/rubest.com.co\/en\/product\/silla-doble-eco-soft\/\" \/>\n<meta property=\"og:locale\" content=\"en_US\" \/>\n<meta property=\"og:type\" content=\"article\" \/>\n<meta property=\"og:title\" content=\"Silla Doble ECO-SOFT: Confort Doble con Impacto Ambiental M\u00ednimo\" \/>\n<meta property=\"og:description\" content=\"Silla en caucho de la refencia Softline, dise\u00f1\u00e1das para brindar maximo confort y durabilidad, conoce toda la linea exclusiva de mobiliario RUBEST\" \/>\n<meta property=\"og:url\" content=\"https:\/\/rubest.com.co\/en\/product\/silla-doble-eco-soft\/\" \/>\n<meta property=\"og:site_name\" content=\"Rubest\" \/>\n<meta property=\"article:modified_time\" content=\"2024-10-10T03:33:00+00:00\" \/>\n<meta property=\"og:image\" content=\"https:\/\/rubest.com.co\/wp-content\/uploads\/2024\/09\/Imagen-de-WhatsApp-2024-06-15-a-las-09.13.20_b1636107-Photoroom-1.png\" \/>\n\t<meta property=\"og:image:width\" content=\"960\" \/>\n\t<meta property=\"og:image:height\" content=\"1015\" \/>\n\t<meta property=\"og:image:type\" content=\"image\/png\" \/>\n<meta name=\"twitter:card\" content=\"summary_large_image\" \/>\n<meta name=\"twitter:label1\" content=\"Est. reading time\" \/>\n\t<meta name=\"twitter:data1\" content=\"1 minute\" \/>\n<script type=\"application\/ld+json\" class=\"yoast-schema-graph\">{\"@context\":\"https:\\\/\\\/schema.org\",\"@graph\":[{\"@type\":\"WebPage\",\"@id\":\"https:\\\/\\\/rubest.com.co\\\/producto\\\/silla-doble-eco-soft\\\/\",\"url\":\"https:\\\/\\\/rubest.com.co\\\/producto\\\/silla-doble-eco-soft\\\/\",\"name\":\"Silla Doble ECO-SOFT: Confort Doble con Impacto Ambiental M\u00ednimo - Rubest\",\"isPartOf\":{\"@id\":\"https:\\\/\\\/rubest.com.co\\\/#website\"},\"primaryImageOfPage\":{\"@id\":\"https:\\\/\\\/rubest.com.co\\\/producto\\\/silla-doble-eco-soft\\\/#primaryimage\"},\"image\":{\"@id\":\"https:\\\/\\\/rubest.com.co\\\/producto\\\/silla-doble-eco-soft\\\/#primaryimage\"},\"thumbnailUrl\":\"https:\\\/\\\/rubest.com.co\\\/wp-content\\\/uploads\\\/2024\\\/09\\\/Imagen-de-WhatsApp-2024-06-15-a-las-09.13.20_b1636107-Photoroom-1.png\",\"datePublished\":\"2024-09-11T17:06:10+00:00\",\"dateModified\":\"2024-10-10T03:33:00+00:00\",\"description\":\"Silla en caucho de la refencia Softline, dise\u00f1\u00e1das para brindar maximo confort y durabilidad, conoce toda la linea exclusiva de mobiliario RUBEST\",\"breadcrumb\":{\"@id\":\"https:\\\/\\\/rubest.com.co\\\/producto\\\/silla-doble-eco-soft\\\/#breadcrumb\"},\"inLanguage\":\"en-US\",\"potentialAction\":[{\"@type\":\"ReadAction\",\"target\":[\"https:\\\/\\\/rubest.com.co\\\/producto\\\/silla-doble-eco-soft\\\/\"]}]},{\"@type\":\"ImageObject\",\"inLanguage\":\"en-US\",\"@id\":\"https:\\\/\\\/rubest.com.co\\\/producto\\\/silla-doble-eco-soft\\\/#primaryimage\",\"url\":\"https:\\\/\\\/rubest.com.co\\\/wp-content\\\/uploads\\\/2024\\\/09\\\/Imagen-de-WhatsApp-2024-06-15-a-las-09.13.20_b1636107-Photoroom-1.png\",\"contentUrl\":\"https:\\\/\\\/rubest.com.co\\\/wp-content\\\/uploads\\\/2024\\\/09\\\/Imagen-de-WhatsApp-2024-06-15-a-las-09.13.20_b1636107-Photoroom-1.png\",\"width\":960,\"height\":1015},{\"@type\":\"BreadcrumbList\",\"@id\":\"https:\\\/\\\/rubest.com.co\\\/producto\\\/silla-doble-eco-soft\\\/#breadcrumb\",\"itemListElement\":[{\"@type\":\"ListItem\",\"position\":1,\"name\":\"Portada\",\"item\":\"https:\\\/\\\/rubest.com.co\\\/\"},{\"@type\":\"ListItem\",\"position\":2,\"name\":\"Tienda\",\"item\":\"https:\\\/\\\/rubest.com.co\\\/tienda\\\/\"},{\"@type\":\"ListItem\",\"position\":3,\"name\":\"Silla Doble ECO-SOFT: Confort Doble con Impacto Ambiental M\u00ednimo\"}]},{\"@type\":\"WebSite\",\"@id\":\"https:\\\/\\\/rubest.com.co\\\/#website\",\"url\":\"https:\\\/\\\/rubest.com.co\\\/\",\"name\":\"Rubest\",\"description\":\"Pisos y superficies en caucho reciclado\",\"publisher\":{\"@id\":\"https:\\\/\\\/rubest.com.co\\\/#organization\"},\"potentialAction\":[{\"@type\":\"SearchAction\",\"target\":{\"@type\":\"EntryPoint\",\"urlTemplate\":\"https:\\\/\\\/rubest.com.co\\\/?s={search_term_string}\"},\"query-input\":{\"@type\":\"PropertyValueSpecification\",\"valueRequired\":true,\"valueName\":\"search_term_string\"}}],\"inLanguage\":\"en-US\"},{\"@type\":\"Organization\",\"@id\":\"https:\\\/\\\/rubest.com.co\\\/#organization\",\"name\":\"Rubest\",\"url\":\"https:\\\/\\\/rubest.com.co\\\/\",\"logo\":{\"@type\":\"ImageObject\",\"inLanguage\":\"en-US\",\"@id\":\"https:\\\/\\\/rubest.com.co\\\/#\\\/schema\\\/logo\\\/image\\\/\",\"url\":\"https:\\\/\\\/rubest.com.co\\\/wp-content\\\/uploads\\\/2020\\\/01\\\/0-logo-min.png\",\"contentUrl\":\"https:\\\/\\\/rubest.com.co\\\/wp-content\\\/uploads\\\/2020\\\/01\\\/0-logo-min.png\",\"width\":299,\"height\":100,\"caption\":\"Rubest\"},\"image\":{\"@id\":\"https:\\\/\\\/rubest.com.co\\\/#\\\/schema\\\/logo\\\/image\\\/\"}}]}<\/script>\n<!-- \/ Yoast SEO Premium plugin. -->","yoast_head_json":{"title":"Silla Doble ECO-SOFT: Confort Doble con Impacto Ambiental M\u00ednimo - Rubest","description":"Silla en caucho de la refencia Softline, dise\u00f1\u00e1das para brindar maximo confort y durabilidad, conoce toda la linea exclusiva de mobiliario RUBEST","robots":{"index":"index","follow":"follow","max-snippet":"max-snippet:-1","max-image-preview":"max-image-preview:large","max-video-preview":"max-video-preview:-1"},"canonical":"https:\/\/rubest.com.co\/en\/product\/silla-doble-eco-soft\/","og_locale":"en_US","og_type":"article","og_title":"Silla Doble ECO-SOFT: Confort Doble con Impacto Ambiental M\u00ednimo","og_description":"Silla en caucho de la refencia Softline, dise\u00f1\u00e1das para brindar maximo confort y durabilidad, conoce toda la linea exclusiva de mobiliario RUBEST","og_url":"https:\/\/rubest.com.co\/en\/product\/silla-doble-eco-soft\/","og_site_name":"Rubest","article_modified_time":"2024-10-10T03:33:00+00:00","og_image":[{"width":960,"height":1015,"url":"https:\/\/rubest.com.co\/wp-content\/uploads\/2024\/09\/Imagen-de-WhatsApp-2024-06-15-a-las-09.13.20_b1636107-Photoroom-1.png","type":"image\/png"}],"twitter_card":"summary_large_image","twitter_misc":{"Est. reading time":"1 minute"},"schema":{"@context":"https:\/\/schema.org","@graph":[{"@type":"WebPage","@id":"https:\/\/rubest.com.co\/producto\/silla-doble-eco-soft\/","url":"https:\/\/rubest.com.co\/producto\/silla-doble-eco-soft\/","name":"Silla Doble ECO-SOFT: Confort Doble con Impacto Ambiental M\u00ednimo - Rubest","isPartOf":{"@id":"https:\/\/rubest.com.co\/#website"},"primaryImageOfPage":{"@id":"https:\/\/rubest.com.co\/producto\/silla-doble-eco-soft\/#primaryimage"},"image":{"@id":"https:\/\/rubest.com.co\/producto\/silla-doble-eco-soft\/#primaryimage"},"thumbnailUrl":"https:\/\/rubest.com.co\/wp-content\/uploads\/2024\/09\/Imagen-de-WhatsApp-2024-06-15-a-las-09.13.20_b1636107-Photoroom-1.png","datePublished":"2024-09-11T17:06:10+00:00","dateModified":"2024-10-10T03:33:00+00:00","description":"Silla en caucho de la refencia Softline, dise\u00f1\u00e1das para brindar maximo confort y durabilidad, conoce toda la linea exclusiva de mobiliario RUBEST","breadcrumb":{"@id":"https:\/\/rubest.com.co\/producto\/silla-doble-eco-soft\/#breadcrumb"},"inLanguage":"en-US","potentialAction":[{"@type":"ReadAction","target":["https:\/\/rubest.com.co\/producto\/silla-doble-eco-soft\/"]}]},{"@type":"ImageObject","inLanguage":"en-US","@id":"https:\/\/rubest.com.co\/producto\/silla-doble-eco-soft\/#primaryimage","url":"https:\/\/rubest.com.co\/wp-content\/uploads\/2024\/09\/Imagen-de-WhatsApp-2024-06-15-a-las-09.13.20_b1636107-Photoroom-1.png","contentUrl":"https:\/\/rubest.com.co\/wp-content\/uploads\/2024\/09\/Imagen-de-WhatsApp-2024-06-15-a-las-09.13.20_b1636107-Photoroom-1.png","width":960,"height":1015},{"@type":"BreadcrumbList","@id":"https:\/\/rubest.com.co\/producto\/silla-doble-eco-soft\/#breadcrumb","itemListElement":[{"@type":"ListItem","position":1,"name":"Portada","item":"https:\/\/rubest.com.co\/"},{"@type":"ListItem","position":2,"name":"Tienda","item":"https:\/\/rubest.com.co\/tienda\/"},{"@type":"ListItem","position":3,"name":"Silla Doble ECO-SOFT: Confort Doble con Impacto Ambiental M\u00ednimo"}]},{"@type":"WebSite","@id":"https:\/\/rubest.com.co\/#website","url":"https:\/\/rubest.com.co\/","name":"Rubest","description":"Pisos y superficies en caucho reciclado","publisher":{"@id":"https:\/\/rubest.com.co\/#organization"},"potentialAction":[{"@type":"SearchAction","target":{"@type":"EntryPoint","urlTemplate":"https:\/\/rubest.com.co\/?s={search_term_string}"},"query-input":{"@type":"PropertyValueSpecification","valueRequired":true,"valueName":"search_term_string"}}],"inLanguage":"en-US"},{"@type":"Organization","@id":"https:\/\/rubest.com.co\/#organization","name":"Rubest","url":"https:\/\/rubest.com.co\/","logo":{"@type":"ImageObject","inLanguage":"en-US","@id":"https:\/\/rubest.com.co\/#\/schema\/logo\/image\/","url":"https:\/\/rubest.com.co\/wp-content\/uploads\/2020\/01\/0-logo-min.png","contentUrl":"https:\/\/rubest.com.co\/wp-content\/uploads\/2020\/01\/0-logo-min.png","width":299,"height":100,"caption":"Rubest"},"image":{"@id":"https:\/\/rubest.com.co\/#\/schema\/logo\/image\/"}}]}},"_links":{"self":[{"href":"https:\/\/rubest.com.co\/en\/wp-json\/wp\/v2\/product\/948","targetHints":{"allow":["GET"]}}],"collection":[{"href":"https:\/\/rubest.com.co\/en\/wp-json\/wp\/v2\/product"}],"about":[{"href":"https:\/\/rubest.com.co\/en\/wp-json\/wp\/v2\/types\/product"}],"replies":[{"embeddable":true,"href":"https:\/\/rubest.com.co\/en\/wp-json\/wp\/v2\/comments?post=948"}],"wp:featuredmedia":[{"embeddable":true,"href":"https:\/\/rubest.com.co\/en\/wp-json\/wp\/v2\/media\/949"}],"wp:attachment":[{"href":"https:\/\/rubest.com.co\/en\/wp-json\/wp\/v2\/media?parent=948"}],"wp:term":[{"taxonomy":"product_brand","embeddable":true,"href":"https:\/\/rubest.com.co\/en\/wp-json\/wp\/v2\/product_brand?post=948"},{"taxonomy":"product_cat","embeddable":true,"href":"https:\/\/rubest.com.co\/en\/wp-json\/wp\/v2\/product_cat?post=948"},{"taxonomy":"product_tag","embeddable":true,"href":"https:\/\/rubest.com.co\/en\/wp-json\/wp\/v2\/product_tag?post=948"}],"curies":[{"name":"wp","href":"https:\/\/api.w.org\/{rel}","templated":true}]}}